{"id":9243,"date":"2026-03-29T09:45:34","date_gmt":"2026-03-29T08:45:34","guid":{"rendered":"https:\/\/zvocni-spa.si\/?post_type=product&#038;p=9243"},"modified":"2026-03-29T09:58:34","modified_gmt":"2026-03-29T08:58:34","slug":"zvocna-meditacija-dih","status":"publish","type":"product","link":"https:\/\/zvocni-spa.si\/en\/trgovina\/zvocni-zapisi\/zvocna-meditacija-dih\/","title":{"rendered":"Zvo\u010dna Meditacija &#8211; DIH"},"content":{"rendered":"<p data-start=\"158\" data-end=\"313\">Ta zvo\u010dni zapis je ne\u017ena, a u\u010dinkovita podpora za trenutke, ko te vsakdan preplavi, ko se znajde\u0161 v stresni situaciji ali preprosto potrebuje\u0161 stik s sabo.<\/p>\n<p data-start=\"315\" data-end=\"493\">Skozi vodeno dihanje te meditacija povabi, da:<br \/>\n\u2013 se ustavi\u0161<br data-start=\"374\" data-end=\"377\" \/>\u2013 za\u010duti\u0161, kaj se v tebi resni\u010dno dogaja<br data-start=\"417\" data-end=\"420\" \/>\u2013 z dihanjem raz\u0161iri\u0161 prostor do\u017eivljanja<br data-start=\"446\" data-end=\"449\" \/>\u2013 ob\u010dutek ne\u017eno integrira\u0161 v telo, nastane kemijska reakcija, ki odpre novo \u010dutenje<\/p>\n<p data-start=\"495\" data-end=\"594\">Primerna je za uporabo kjerkoli in kadarkoli, \u00a0doma, v slu\u017ebi, v avtu ali pred pomembnim pogovorom.<\/p>\n<p data-start=\"596\" data-end=\"710\">Le nekaj minut ti lahko pomaga, da se vrne\u0161 v ravnovesje, umiri\u0161 misli in znova za\u010duti\u0161 svojo notranjo stabilnost.<\/p>\n<p data-start=\"712\" data-end=\"779\">\u2728 Vzemi si ta trenutek zase.<br data-start=\"740\" data-end=\"743\" \/>\u2728 Dihaj.<br data-start=\"753\" data-end=\"756\" \/>\u2728 Dovoli si za\u010dutiti.<\/p>","protected":false},"excerpt":{"rendered":"<p style=\"text-align: left;\">Za\u010duti svoj ob\u010dutek, dihaj in integriraj.<br \/>\nKratka in u\u010dinkovita meditacija za pomo\u010d pri vsakdanjih situacijah.<\/p>","protected":false},"featured_media":9244,"template":"","meta":{"_price":"00","_stock":"","_tribe_ticket_header":"","_tribe_default_ticket_provider":"","_tribe_ticket_capacity":"","_ticket_start_date":"","_ticket_end_date":"","_tribe_ticket_show_description":"","_tribe_ticket_show_not_going":false,"_tribe_ticket_use_global_stock":"","_tribe_ticket_global_stock_level":"","_global_stock_mode":"","_global_stock_cap":"","_tribe_rsvp_for_event":"","_tribe_ticket_going_count":"","_tribe_ticket_not_going_count":"","_tribe_tickets_list":"[]","_tribe_ticket_has_attendee_info_fields":false},"product_brand":[],"product_cat":[904],"product_tag":[967,965,964,962,966,961,963],"class_list":{"0":"post-9243","1":"product","2":"type-product","3":"status-publish","4":"has-post-thumbnail","6":"product_cat-zvocni-zapisi","7":"product_tag-antistres","8":"product_tag-dihanje","9":"product_tag-meditacija-z-dihanjem","10":"product_tag-sound-spa","11":"product_tag-zavestno-dihanje","12":"product_tag-zvocni-spa","13":"product_tag-zvocni-zapis","15":"first","16":"instock","17":"downloadable","18":"virtual","19":"taxable","20":"purchasable","21":"product-type-simple"},"_links":{"self":[{"href":"https:\/\/zvocni-spa.si\/en\/wp-json\/wp\/v2\/product\/9243","targetHints":{"allow":["GET"]}}],"collection":[{"href":"https:\/\/zvocni-spa.si\/en\/wp-json\/wp\/v2\/product"}],"about":[{"href":"https:\/\/zvocni-spa.si\/en\/wp-json\/wp\/v2\/types\/product"}],"wp:featuredmedia":[{"embeddable":true,"href":"https:\/\/zvocni-spa.si\/en\/wp-json\/wp\/v2\/media\/9244"}],"wp:attachment":[{"href":"https:\/\/zvocni-spa.si\/en\/wp-json\/wp\/v2\/media?parent=9243"}],"wp:term":[{"taxonomy":"product_brand","embeddable":true,"href":"https:\/\/zvocni-spa.si\/en\/wp-json\/wp\/v2\/product_brand?post=9243"},{"taxonomy":"product_cat","embeddable":true,"href":"https:\/\/zvocni-spa.si\/en\/wp-json\/wp\/v2\/product_cat?post=9243"},{"taxonomy":"product_tag","embeddable":true,"href":"https:\/\/zvocni-spa.si\/en\/wp-json\/wp\/v2\/product_tag?post=9243"}],"curies":[{"name":"wp","href":"https:\/\/api.w.org\/{rel}","templated":true}]}}